{"id":17,"date":"2020-08-20T19:28:02","date_gmt":"2020-08-20T19:28:02","guid":{"rendered":"https:\/\/departamentomatematica.fi.unsj.edu.ar\/?page_id=17"},"modified":"2025-07-24T10:41:03","modified_gmt":"2025-07-24T13:41:03","slug":"departamento-de-matematica","status":"publish","type":"page","link":"https:\/\/departamentomatematica.fi.unsj.edu.ar\/","title":{"rendered":"Inicio"},"content":{"rendered":"\t\t<div data-elementor-type=\"wp-page\" data-elementor-id=\"17\" class=\"elementor elementor-17\">\n\t\t\t\t\t\t<section class=\"elementor-section elementor-top-section elementor-element elementor-element-3c0873a9 elementor-section-boxed elementor-section-height-default elementor-section-height-default\" data-id=\"3c0873a9\" data-element_type=\"section\" data-e-type=\"section\">\n\t\t\t\t\t\t<div class=\"elementor-container elementor-column-gap-default\">\n\t\t\t\t\t<div class=\"elementor-column elementor-col-100 elementor-top-column elementor-element elementor-element-1790bd11\" data-id=\"1790bd11\" data-element_type=\"column\" data-e-type=\"column\">\n\t\t\t<div class=\"elementor-widget-wrap elementor-element-populated\">\n\t\t\t\t\t\t<div class=\"elementor-element elementor-element-25cdcf9 elementor-widget elementor-widget-text-editor\" data-id=\"25cdcf9\" data-element_type=\"widget\" data-e-type=\"widget\" data-widget_type=\"text-editor.default\">\n\t\t\t\t<div class=\"elementor-widget-container\">\n\t\t\t\t\t\t\t\t\t<p style=\"text-align: justify;\">Este departamento tiene a cargo las asignaturas del \u00e1rea de matem\u00e1tica constituyendo parte del Ciclo B\u00e1sico de las carreras de Ingenier\u00eda. La mayor\u00eda de los docentes que dictan clases en este departamento realizan actividades de investigaci\u00f3n en la propia unidad o por extensi\u00f3n en distintos Institutos de la Facultad.<\/p><p style=\"margin: 0cm; margin-bottom: .0001pt; line-height: 150%;\"><span style=\"font-family: 'Arial','sans-serif'; color: #2b2b2b;\"><span style=\"text-decoration: underline;\"><strong>Jefe de Departamento:<\/strong><\/span> Ing. Adriana Jofre<\/span><\/p><p style=\"margin: 0cm 0cm 0.0001pt; line-height: 150%; orphans: 2; text-align: start; widows: 2; text-decoration-style: initial; text-decoration-color: initial;\"><strong style=\"font-variant-ligatures: normal; font-variant-caps: normal; word-spacing: 0px; -webkit-text-stroke-width: 0px;\"><span style=\"font-family: 'Arial','sans-serif'; color: #2b2b2b;\">Correo Electr\u00f3nico<\/span><\/strong><span style=\"font-variant-ligatures: normal; font-variant-caps: normal; word-spacing: 0px; -webkit-text-stroke-width: 0px; font-family: Arial, 'sans-serif'; color: #2b2b2b;\">:\u00a0<\/span><span style=\"color: #2b2b2b; font-family: Arial, sans-serif;\">ajofre@unsj.edu.ar<\/span><\/p><p style=\"margin: 0cm; margin-bottom: .0001pt; line-height: 150%;\"><span style=\"font-family: 'Arial','sans-serif'; color: #2b2b2b;\"><span style=\"text-decoration: underline;\"><strong>Sub-Jefe de Departamento:<\/strong><\/span> Dra. Bioing. Agustina Garces<\/span><\/p><p style=\"margin: 0cm; margin-bottom: .0001pt; line-height: 150%; font-variant-ligatures: normal; font-variant-caps: normal; orphans: 2; text-align: start; widows: 2; -webkit-text-stroke-width: 0px; text-decoration-style: initial; text-decoration-color: initial; word-spacing: 0px;\"><strong><span style=\"font-family: 'Arial','sans-serif'; color: #2b2b2b;\">Correo Electr\u00f3nico<\/span><\/strong><span style=\"font-family: 'Arial','sans-serif'; color: #2b2b2b;\">: agarces<a href=\"mailto:jorgenmp@gmail.com\"><span style=\"text-decoration: underline; color: #0000ff;\"><span style=\"text-decoration: underline;\"><span style=\"font-family: Arial, sans-serif;\">@i<\/span><\/span><\/span><\/a>nbio.unsj.edu.ar<\/span><\/p><h5 style=\"margin: 0cm; margin-bottom: .0001pt; line-height: 150%; font-variant-ligatures: normal; font-variant-caps: normal; orphans: 2; text-align: start; widows: 2; -webkit-text-stroke-width: 0px; text-decoration-style: initial; text-decoration-color: initial; word-spacing: 0px;\"><strong><span style=\"text-decoration: underline;\">Consejo Departamental:<\/span><\/strong><\/h5><p style=\"margin: 0cm; margin-bottom: .0001pt; line-height: 150%; font-variant-ligatures: normal; font-variant-caps: normal; orphans: 2; text-align: start; widows: 2; -webkit-text-stroke-width: 0px; text-decoration-style: initial; text-decoration-color: initial; word-spacing: 0px;\">\u00a0 \u00a0 \u00a0 \u00a0 \u00a0 Dra. Susana Ozan<\/p><p style=\"margin: 0cm; margin-bottom: .0001pt; line-height: 150%; font-variant-ligatures: normal; font-variant-caps: normal; orphans: 2; text-align: start; widows: 2; -webkit-text-stroke-width: 0px; text-decoration-style: initial; text-decoration-color: initial; word-spacing: 0px;\">\u00a0 \u00a0 \u00a0 \u00a0 \u00a0 Ing. Hugo Mercado<\/p><p>\u00a0 \u00a0 \u00a0 \u00a0 \u00a0 Ing. Rodrigo Gimenez<\/p><p style=\"margin: 0cm; margin-bottom: .0001pt; line-height: 150%; font-variant-ligatures: normal; font-variant-caps: normal; orphans: 2; text-align: start; widows: 2; -webkit-text-stroke-width: 0px; text-decoration-style: initial; text-decoration-color: initial; word-spacing: 0px;\"><a href=\"mailto:dpto.matematica.fi.unsj@gmail.com\"><span style=\"text-decoration: underline;\"><span style=\"color: #0000ff; text-decoration: underline;\"><span style=\"font-family: 'Arial','sans-serif'; color: blue;\">dpto.matematica.fi.unsj@gmail.com<\/span><\/span><\/span><\/a><\/p><p style=\"margin: 0cm; margin-bottom: .0001pt; line-height: 150%; font-variant-ligatures: normal; font-variant-caps: normal; orphans: 2; text-align: start; widows: 2; -webkit-text-stroke-width: 0px; text-decoration-style: initial; text-decoration-color: initial; word-spacing: 0px;\"><strong><span style=\"font-family: 'Arial','sans-serif'; color: #2b2b2b;\">Tel\u00e9fono<\/span><\/strong><span style=\"font-family: 'Arial','sans-serif'; color: #2b2b2b;\">: +54 264 4211700 &#8212;\u00a0 Int. 310.<\/span><\/p>\t\t\t\t\t\t\t\t<\/div>\n\t\t\t\t<\/div>\n\t\t\t\t\t<\/div>\n\t\t<\/div>\n\t\t\t\t\t<\/div>\n\t\t<\/section>\n\t\t\t\t<section class=\"elementor-section elementor-top-section elementor-element elementor-element-8172df5 elementor-section-boxed elementor-section-height-default elementor-section-height-default\" data-id=\"8172df5\" data-element_type=\"section\" data-e-type=\"section\">\n\t\t\t\t\t\t<div class=\"elementor-container elementor-column-gap-default\">\n\t\t\t\t\t<div class=\"elementor-column elementor-col-100 elementor-top-column elementor-element elementor-element-224f2d0\" data-id=\"224f2d0\" data-element_type=\"column\" data-e-type=\"column\">\n\t\t\t<div class=\"elementor-widget-wrap\">\n\t\t\t\t\t\t\t<\/div>\n\t\t<\/div>\n\t\t\t\t\t<\/div>\n\t\t<\/section>\n\t\t\t\t<\/div>\n\t\t","protected":false},"excerpt":{"rendered":"<p>Este departamento tiene a cargo las asignaturas del \u00e1rea de matem\u00e1tica constituyendo parte del Ciclo B\u00e1sico de las carreras de Ingenier\u00eda. La mayor\u00eda de los docentes que dictan clases en este departamento realizan actividades de investigaci\u00f3n en la propia unidad o por extensi\u00f3n en distintos Institutos de la Facultad. Jefe de Departamento: Ing. Adriana Jofre &hellip; <a href=\"https:\/\/departamentomatematica.fi.unsj.edu.ar\/\" class=\"more-link\">Seguir leyendo <span class=\"screen-reader-text\">Inicio<\/span> <span class=\"meta-nav\">&rarr;<\/span><\/a><\/p>\n","protected":false},"author":3,"featured_media":0,"parent":0,"menu_order":0,"comment_status":"closed","ping_status":"closed","template":"","meta":{"footnotes":""},"class_list":["post-17","page","type-page","status-publish","hentry"],"_links":{"self":[{"href":"https:\/\/departamentomatematica.fi.unsj.edu.ar\/index.php?rest_route=\/wp\/v2\/pages\/17","targetHints":{"allow":["GET"]}}],"collection":[{"href":"https:\/\/departamentomatematica.fi.unsj.edu.ar\/index.php?rest_route=\/wp\/v2\/pages"}],"about":[{"href":"https:\/\/departamentomatematica.fi.unsj.edu.ar\/index.php?rest_route=\/wp\/v2\/types\/page"}],"author":[{"embeddable":true,"href":"https:\/\/departamentomatematica.fi.unsj.edu.ar\/index.php?rest_route=\/wp\/v2\/users\/3"}],"replies":[{"embeddable":true,"href":"https:\/\/departamentomatematica.fi.unsj.edu.ar\/index.php?rest_route=%2Fwp%2Fv2%2Fcomments&post=17"}],"version-history":[{"count":39,"href":"https:\/\/departamentomatematica.fi.unsj.edu.ar\/index.php?rest_route=\/wp\/v2\/pages\/17\/revisions"}],"predecessor-version":[{"id":994,"href":"https:\/\/departamentomatematica.fi.unsj.edu.ar\/index.php?rest_route=\/wp\/v2\/pages\/17\/revisions\/994"}],"wp:attachment":[{"href":"https:\/\/departamentomatematica.fi.unsj.edu.ar\/index.php?rest_route=%2Fwp%2Fv2%2Fmedia&parent=17"}],"curies":[{"name":"wp","href":"https:\/\/api.w.org\/{rel}","templated":true}]}}