{"id":231,"date":"2020-08-24T12:45:16","date_gmt":"2020-08-24T15:45:16","guid":{"rendered":"https:\/\/departamentomatematica.fi.unsj.edu.ar\/?page_id=231"},"modified":"2020-08-24T16:03:10","modified_gmt":"2020-08-24T19:03:10","slug":"programa-de-investigacion","status":"publish","type":"page","link":"https:\/\/departamentomatematica.fi.unsj.edu.ar\/?page_id=231","title":{"rendered":"Programa de Investigaci\u00f3n"},"content":{"rendered":"\n<p><strong>Programa\nde Investigaci\u00f3n&nbsp; \u201cMatem\u00e1tica Aplicada y\nEducaci\u00f3n Matem\u00e1tica\u201d<\/strong> del Departamento de Matem\u00e1tica aprobado por\nResol. N\u00ba 154\/2002. <\/p>\n\n\n\n<p>\u00c1reas:<\/p>\n\n\n\n<ul class=\"wp-block-list\"><li><strong>Matem\u00e1tica Aplicada a la Ingenier\u00eda <\/strong><\/li><li><strong>Educaci\u00f3n Matem\u00e1tica<\/strong><\/li><li><strong>Estad\u00edstica e Inform\u00e1tica.<\/strong><\/li><\/ul>\n\n\n\n<p><strong>Directora:\n<\/strong>Mg.\nIng. Patricia del Valle Cuadros <\/p>\n\n\n\n<p>Codirectora\ndel \u00c1rea Matem\u00e1tica Aplicada a la Ingenier\u00eda: Msc. Lic. Leonor Ester de La\nTorre<\/p>\n\n\n\n<p>Codirectora del \u00c1rea Educaci\u00f3n Matem\u00e1tica: Dra.\nBioing. Lorena Sabrina Correa Prado.<\/p>\n\n\n\n<p>Codirectora\ndel \u00c1rea Estad\u00edstica e Inform\u00e1tica: Dra. Prof. N\u00e9lida Susana Oz\u00e1n<\/p>\n\n\n\n<p><strong>Comit\u00e9\nAcad\u00e9mico del Programa de Investigaci\u00f3n:<\/strong><\/p>\n\n\n\n<ul class=\"wp-block-list\"><li>Dr. Ing. Sebasti\u00e1n Alejandro Godoy Bordes <\/li><li>Msc. Lic. Claudia Rosana Fern\u00e1ndez <\/li><\/ul>\n\n\n\n<p><\/p>\n","protected":false},"excerpt":{"rendered":"<p>Programa de Investigaci\u00f3n&nbsp; \u201cMatem\u00e1tica Aplicada y Educaci\u00f3n Matem\u00e1tica\u201d del Departamento de Matem\u00e1tica aprobado por Resol. N\u00ba 154\/2002. \u00c1reas: Matem\u00e1tica Aplicada a la Ingenier\u00eda Educaci\u00f3n Matem\u00e1tica Estad\u00edstica e Inform\u00e1tica. Directora: Mg. Ing. Patricia del Valle Cuadros Codirectora del \u00c1rea Matem\u00e1tica Aplicada a la Ingenier\u00eda: Msc. Lic. Leonor Ester de La Torre Codirectora del \u00c1rea Educaci\u00f3n Matem\u00e1tica: &hellip; <a href=\"https:\/\/departamentomatematica.fi.unsj.edu.ar\/?page_id=231\" class=\"more-link\">Seguir leyendo <span class=\"screen-reader-text\">Programa de Investigaci\u00f3n<\/span> <span class=\"meta-nav\">&rarr;<\/span><\/a><\/p>\n","protected":false},"author":3,"featured_media":0,"parent":0,"menu_order":0,"comment_status":"closed","ping_status":"closed","template":"","meta":{"footnotes":""},"class_list":["post-231","page","type-page","status-publish","hentry"],"_links":{"self":[{"href":"https:\/\/departamentomatematica.fi.unsj.edu.ar\/index.php?rest_route=\/wp\/v2\/pages\/231","targetHints":{"allow":["GET"]}}],"collection":[{"href":"https:\/\/departamentomatematica.fi.unsj.edu.ar\/index.php?rest_route=\/wp\/v2\/pages"}],"about":[{"href":"https:\/\/departamentomatematica.fi.unsj.edu.ar\/index.php?rest_route=\/wp\/v2\/types\/page"}],"author":[{"embeddable":true,"href":"https:\/\/departamentomatematica.fi.unsj.edu.ar\/index.php?rest_route=\/wp\/v2\/users\/3"}],"replies":[{"embeddable":true,"href":"https:\/\/departamentomatematica.fi.unsj.edu.ar\/index.php?rest_route=%2Fwp%2Fv2%2Fcomments&post=231"}],"version-history":[{"count":3,"href":"https:\/\/departamentomatematica.fi.unsj.edu.ar\/index.php?rest_route=\/wp\/v2\/pages\/231\/revisions"}],"predecessor-version":[{"id":236,"href":"https:\/\/departamentomatematica.fi.unsj.edu.ar\/index.php?rest_route=\/wp\/v2\/pages\/231\/revisions\/236"}],"wp:attachment":[{"href":"https:\/\/departamentomatematica.fi.unsj.edu.ar\/index.php?rest_route=%2Fwp%2Fv2%2Fmedia&parent=231"}],"curies":[{"name":"wp","href":"https:\/\/api.w.org\/{rel}","templated":true}]}}