{"id":42,"date":"2020-08-21T11:16:25","date_gmt":"2020-08-21T14:16:25","guid":{"rendered":"https:\/\/departamentomatematica.fi.unsj.edu.ar\/?page_id=42"},"modified":"2025-03-06T20:41:55","modified_gmt":"2025-03-06T23:41:55","slug":"segundo-semestre","status":"publish","type":"page","link":"https:\/\/departamentomatematica.fi.unsj.edu.ar\/?page_id=42","title":{"rendered":"Segundo Semestre"},"content":{"rendered":"<h4>Para las asignaturas que no posean link a formularios de inscripci\u00f3n,<strong> los estudiantes<\/strong> tienen que seguir los pasos indicados en &#8212;- &gt; <a href=\"https:\/\/departamentomatematica.fi.unsj.edu.ar\/wp-content\/uploads\/2020\/08\/Automatriculaci\u00f3n.pdf\" target=\"_blank\" rel=\"noopener noreferrer\">el Instructivo de Automatriculaci\u00f3n<\/a><\/h4>\n<h4><span style=\"color: #ff0000;\"><strong>Tener en cuenta que NO ES la inscripci\u00f3n al SIU<\/strong> <\/span>, es solo la inscripci\u00f3n para acceder a las aulas virtuales<\/h4>\n<table border=\"1\">\n<thead>\n<tr bgcolor=\"#ffffce\">\n<td scope=\"row\"><strong>Asignatura<\/strong><\/td>\n<td><strong>Especialidad &#8211; Link a formulario de Inscripci\u00f3n<\/strong><\/td>\n<td><strong>Direcci\u00f3n web<\/strong><\/td>\n<td><strong>Tipo<\/strong><\/td>\n<td><strong>N\u00ba de Aula<\/strong><\/td>\n<\/tr>\n<\/thead>\n<tbody>\n<tr>\n<td>Computaci\u00f3n<\/td>\n<td>Alimentos, Industrial y Qu\u00edmica &#8212; &gt; <a href=\"https:\/\/forms.gle\/aVgxWT3ULsLkrPGj6\" target=\"_blank\" rel=\"noopener noreferrer\">Formulario Inscripci\u00f3n<\/a><\/td>\n<td><a href=\"http:\/\/campusvirtual.unsj.edu.ar\" target=\"_blank\" rel=\"noopener noreferrer\">campusvirtual.unsj.edu.ar<\/a><\/td>\n<td>Aula Virtual<\/td>\n<td>1003<\/td>\n<\/tr>\n<tr>\n<td>Dibujo y Dise\u00f1o Asistido por Computadora<\/td>\n<td>El\u00e9ctrica y Electromec\u00e1nica &#8212;&gt;<a href=\"http:\/\/www.unsj.edu.ar\/unsjVirtual\/dibujoasistido\/?page_id=891\" target=\"_blank\" rel=\"noopener noreferrer\">Link para Inscripci\u00f3n<\/a><\/td>\n<td><a href=\"http:\/\/campusvirtual.unsj.edu.ar\" target=\"_blank\" rel=\"noopener noreferrer\">campusvirtual.unsj.edu.ar<\/a><\/td>\n<td>Aula Virtual<\/td>\n<td>904<\/td>\n<\/tr>\n<tr>\n<td>Dibujo y y\u00a0Sistemas de Representaci\u00f3n<\/td>\n<td>Agrimensura, Bioingenier\u00eda, Mec\u00e1nica, Metalurgia y Minas &#8212;-&gt;<a href=\"http:\/\/www.unsj.edu.ar\/unsjVirtual\/dibujoysistemas\/?page_id=1271\" target=\"_blank\" rel=\"noopener noreferrer\"> Link a Inscripci\u00f3n<\/a><\/td>\n<td><a href=\"http:\/\/campusvirtual.unsj.edu.ar\" target=\"_blank\" rel=\"noopener noreferrer\">campusvirtual.unsj.edu.ar<\/a><\/td>\n<td>Aula Virtual<\/td>\n<td>704<\/td>\n<\/tr>\n<tr>\n<td>Estad\u00edstica<\/td>\n<td>Qu\u00edmica y Alimentos&#8212;-&gt;<a href=\"https:\/\/forms.gle\/xSS9NWs5TjBksBu16\" target=\"_blank\" rel=\"noopener noreferrer\"> Link a Inscripci\u00f3n<\/a><\/td>\n<td><a href=\"http:\/\/campusvirtual.unsj.edu.ar\" target=\"_blank\" rel=\"noopener noreferrer\">campusvirtual.unsj.edu.ar<\/a><\/td>\n<td>Aula Virtual<\/td>\n<td>649<\/td>\n<\/tr>\n<tr>\n<td>Geometr\u00eda Anal\u00edtica<\/td>\n<td>Mec\u00e1nica, Electr\u00f3nica, Minas y Agrimensura&#8212;&gt; <a href=\"https:\/\/forms.gle\/Po3zWwooyQ9CW1uu9\" target=\"_blank\" rel=\"noopener noreferrer\">Link a Inscripci\u00f3n<\/a><\/td>\n<td>Dr Ing. Sebasti\u00e1n Alejandro Godoy Bordes<\/td>\n<td>&#8212;<\/td>\n<td>&#8212;<\/td>\n<\/tr>\n<tr>\n<td>Matem\u00e1tica Aplicada (ELO) y Variable Compleja y Teor\u00eda de Probabilidades (Parte Variable Compleja)(ETR) Matem\u00e1tica Aplicada (BIO)<\/td>\n<td>Electr\u00f3nica-El\u00e9ctrica-Bio&#8212;&gt; <a href=\"https:\/\/forms.gle\/fMQxDhnfBHUq6aBN9\" target=\"_blank\" rel=\"noopener\">Link a Inscripci\u00f3n<\/a><\/td>\n<td><a href=\"http:\/\/campusvirtual.unsj.edu.ar\" target=\"_blank\" rel=\"noopener noreferrer\">campusvirtual.unsj.edu.ar<\/a><\/td>\n<td>Aula Virtual<\/td>\n<td>1087<\/td>\n<\/tr>\n<tr>\n<td>Matem\u00e1tica Aplicada, Matem\u00e1tica Estad\u00edstica, Estad\u00edstica y Dise\u00f1o Experimental, V.C. y Teor\u00eda de Probabilidad<\/td>\n<td>Agrimensura-Agron\u00f3mica-Bioingenier\u00eda-El\u00e9ctrica &#8212;&gt; <a href=\"https:\/\/forms.gle\/fMQxDhnfBHUq6aBN9\" target=\"_blank\" rel=\"noopener noreferrer\">Link a Inscripci\u00f3n<\/a><\/td>\n<td><a href=\"http:\/\/campusvirtual.unsj.edu.ar\" target=\"_blank\" rel=\"noopener noreferrer\">campusvirtual.unsj.edu.ar<\/a><\/td>\n<td>Aula Virtual<\/td>\n<td>&#8212;<\/td>\n<\/tr>\n<tr>\n<td>Matem\u00e1tica Aplicada<\/td>\n<td>Mec\u00e1nica-Electromec\u00e1nica Automatriculaci\u00f3n<\/td>\n<td><a href=\"http:\/\/campusvirtual.unsj.edu.ar\" target=\"_blank\" rel=\"noopener noreferrer\">campusvirtual.unsj.edu.ar<\/a><\/td>\n<td>Aula Virtual<\/td>\n<td>963<\/td>\n<\/tr>\n<tr>\n<td>M\u00e9todos Num\u00e9ricos<\/td>\n<td>Mec\u00e1nica y Electromec\u00e1nica<br \/>Automatriculaci\u00f3n<\/td>\n<td>\n<p style=\"text-align: center;\"><a href=\"https:\/\/departamentomatematica.fi.unsj.edu.ar\/wp-content\/uploads\/2023\/08\/Automatriculaci\u00f3n_2023.pdf\" target=\"_blank\" rel=\"noopener noreferrer\">Automatriculaci\u00f3n_2023<\/a><\/p>\n<\/td>\n<td>Aula Virtual<\/td>\n<td>663<\/td>\n<\/tr>\n<tr>\n<td>M\u00e9todos Num\u00e9ricos<\/td>\n<td>Civil &#8211; Electr\u00f3nica&#8211; &gt; <strong>Link a<\/strong>\u00a0<a href=\"https:\/\/forms.gle\/7Cn9xzgZfcnEvEko7\" target=\"_blank\" rel=\"noopener noreferrer\">Formulario Inscripci\u00f3n<\/a><\/td>\n<td><a href=\"http:\/\/campusvirtual.unsj.edu.ar\" target=\"_blank\" rel=\"noopener noreferrer\">campusvirtual.unsj.edu.ar<\/a><\/td>\n<td>Aula Virtual<\/td>\n<td>964<\/td>\n<\/tr>\n<tr>\n<td>M\u00e9todos Num\u00e9ricos<\/td>\n<td style=\"text-align: center;\">Industrial, Alimentos, Qu\u00edmica, Minas y Met.Extactiva &#8212; &gt; <strong>Link a<\/strong>\u00a0<a href=\"https:\/\/forms.gle\/BsXTYf7zFyw49k8Q8\" target=\"_blank\" rel=\"noopener noreferrer\">Formulario Inscripci\u00f3n<\/a>\n<p><a href=\"https:\/\/departamentomatematica.fi.unsj.edu.ar\/wp-content\/uploads\/2024\/08\/Flyer-de-inscripcion.png\"><img fetchpriority=\"high\" decoding=\"async\" class=\"alignnone size-medium wp-image-918\" src=\"https:\/\/departamentomatematica.fi.unsj.edu.ar\/wp-content\/uploads\/2024\/08\/Flyer-de-inscripcion-300x300.png\" alt=\"\" width=\"300\" height=\"300\" srcset=\"https:\/\/departamentomatematica.fi.unsj.edu.ar\/wp-content\/uploads\/2024\/08\/Flyer-de-inscripcion-300x300.png 300w, https:\/\/departamentomatematica.fi.unsj.edu.ar\/wp-content\/uploads\/2024\/08\/Flyer-de-inscripcion-1024x1024.png 1024w, https:\/\/departamentomatematica.fi.unsj.edu.ar\/wp-content\/uploads\/2024\/08\/Flyer-de-inscripcion-150x150.png 150w, https:\/\/departamentomatematica.fi.unsj.edu.ar\/wp-content\/uploads\/2024\/08\/Flyer-de-inscripcion-768x768.png 768w, https:\/\/departamentomatematica.fi.unsj.edu.ar\/wp-content\/uploads\/2024\/08\/Flyer-de-inscripcion.png 1080w\" sizes=\"(max-width: 300px) 100vw, 300px\" \/><\/a><br \/>Flyer para la inscripci\u00f3n en M\u00e9todos Num\u00e9ricos_2024<\/p>\n<\/td>\n<td><a href=\"http:\/\/campusvirtual.unsj.edu.ar\" target=\"_blank\" rel=\"noopener noreferrer\">campusvirtual.unsj.edu.ar<\/a><\/td>\n<td>Aula Virtual<\/td>\n<td>597<\/td>\n<\/tr>\n<\/tbody>\n<\/table>\n\n\n<p><\/p>\n","protected":false},"excerpt":{"rendered":"<p>Para las asignaturas que no posean link a formularios de inscripci\u00f3n, los estudiantes tienen que seguir los pasos indicados en &#8212;- &gt; el Instructivo de Automatriculaci\u00f3n Tener en cuenta que NO ES la inscripci\u00f3n al SIU , es solo la inscripci\u00f3n para acceder a las aulas virtuales Asignatura Especialidad &#8211; Link a formulario de Inscripci\u00f3n &hellip; <a href=\"https:\/\/departamentomatematica.fi.unsj.edu.ar\/?page_id=42\" class=\"more-link\">Seguir leyendo <span class=\"screen-reader-text\">Segundo Semestre<\/span> <span class=\"meta-nav\">&rarr;<\/span><\/a><\/p>\n","protected":false},"author":4,"featured_media":0,"parent":0,"menu_order":0,"comment_status":"closed","ping_status":"closed","template":"","meta":{"footnotes":""},"class_list":["post-42","page","type-page","status-publish","hentry"],"_links":{"self":[{"href":"https:\/\/departamentomatematica.fi.unsj.edu.ar\/index.php?rest_route=\/wp\/v2\/pages\/42","targetHints":{"allow":["GET"]}}],"collection":[{"href":"https:\/\/departamentomatematica.fi.unsj.edu.ar\/index.php?rest_route=\/wp\/v2\/pages"}],"about":[{"href":"https:\/\/departamentomatematica.fi.unsj.edu.ar\/index.php?rest_route=\/wp\/v2\/types\/page"}],"author":[{"embeddable":true,"href":"https:\/\/departamentomatematica.fi.unsj.edu.ar\/index.php?rest_route=\/wp\/v2\/users\/4"}],"replies":[{"embeddable":true,"href":"https:\/\/departamentomatematica.fi.unsj.edu.ar\/index.php?rest_route=%2Fwp%2Fv2%2Fcomments&post=42"}],"version-history":[{"count":82,"href":"https:\/\/departamentomatematica.fi.unsj.edu.ar\/index.php?rest_route=\/wp\/v2\/pages\/42\/revisions"}],"predecessor-version":[{"id":948,"href":"https:\/\/departamentomatematica.fi.unsj.edu.ar\/index.php?rest_route=\/wp\/v2\/pages\/42\/revisions\/948"}],"wp:attachment":[{"href":"https:\/\/departamentomatematica.fi.unsj.edu.ar\/index.php?rest_route=%2Fwp%2Fv2%2Fmedia&parent=42"}],"curies":[{"name":"wp","href":"https:\/\/api.w.org\/{rel}","templated":true}]}}